{"id":3982,"date":"2020-07-11T18:34:05","date_gmt":"2020-07-11T16:34:05","guid":{"rendered":"https:\/\/www.beon.net\/join-us\/training\/"},"modified":"2021-01-26T06:55:42","modified_gmt":"2021-01-26T05:55:42","slug":"training","status":"publish","type":"page","link":"https:\/\/beon.net\/de\/karriere\/training\/","title":{"rendered":"Training"},"content":{"rendered":"<div class=\"wpb-content-wrapper\"><p>[vc_row][vc_column width=&#8221;1\/12&#8243;][\/vc_column][vc_column width=&#8221;5\/6&#8243;][vc_empty_space height=&#8221;50px&#8221;][vc_column_text]<\/p>\n<p style=\"text-align: center;\">Wir sind bestrebt, in die Ausbildung und berufliche Entwicklung unserer Mitarbeiter zu investieren. Wir haben unseren Ausbildungsansatz neu definiert. Unsere Mitarbeiter werden in die Lage versetzt, neue Ideen zu entwickeln, Innovationen voranzutreiben und die hochspezialisierten F\u00e4higkeiten aufzubauen, die sie f\u00fcr ihren Erfolg ben\u00f6tigen.<\/p>\n<p style=\"text-align: center;\">Das Herzst\u00fcck dieses Ansatzes ist unser Schulungszentrum in Kiel, eine Mischung aus klassenraumbasierter Ausbildung und einer digitalen Lernumgebung, die unsere Mitarbeiter mit professionellen Inhalten und Weltklasse-Experten von beON innerhalb und au\u00dferhalb verbindet.<\/p>\n<p style=\"text-align: center;\">Das neue Schulungszentrum in Kiel wird es unseren Mitarbeitern &#8211; seien es nun IT Experten oder andere Fachkr\u00e4fte des Unternehmens &#8211; erm\u00f6glichen, ihre beruflichen F\u00e4higkeiten zu erweitern und die entscheidenden F\u00e4higkeiten zu entwickeln, die erforderlich sind, um ihre eigenen Karrierechancen auszubauen.<\/p>\n<p>[\/vc_column_text][vc_single_image image=&#8221;3648&#8243; img_size=&#8221;full&#8221; alignment=&#8221;center&#8221;][vc_empty_space height=&#8221;50px&#8221;][\/vc_column][vc_column width=&#8221;1\/12&#8243;][\/vc_column][\/vc_row][vc_row row_color_scheme=&#8221;lightgrey&#8221; row_color_scheme_outer=&#8221;lightgrey&#8221;][vc_column width=&#8221;1\/12&#8243;][\/vc_column][vc_column width=&#8221;5\/6&#8243;][vc_empty_space height=&#8221;50px&#8221;][dhsv_vc_list_element_icon title=&#8221;beONs Lernangebote umfassen:&#8221; items=&#8221;%5B%7B%22third_col%22%3A%22Virtuelle%20Sitzungen%22%2C%22fourth_col%22%3A%22vernetzte%20virtuelle%20Klassenzimmer%2C%20die%20es%20den%20beON%20Mitarbeitern%20erm%C3%B6glichen%2C%20an%20mehreren%20Standorten%20-%20oft%20%C3%BCber%20Tausende%20von%20Kilometern%20-%20gemeinsam%20an%20interaktiven%20und%20gemeinschaftlichen%20Sitzungen%20teilzunehmen%2C%20die%20von%20den%20Fachexperten%20von%20beON%20unterrichtet%20werden.%20beON%20plant%2C%20die%20Anzahl%20seiner%20virtuellen%20Sitzungen%20zu%20verdoppeln.%22%7D%2C%7B%22third_col%22%3A%22Lernen%20im%20Klassenzimmer%22%2C%22fourth_col%22%3A%22regionale%20Lernzentren%2C%20die%20den%20beON-Mitarbeitern%20eine%20eher%20traditionelle%20Lernumgebung%20im%20Klassenzimmer%20Format%20bieten%20und%20die%20Talente%20des%20Unternehmens%20f%C3%B6rdern.%22%7D%2C%7B%22third_col%22%3A%22Professionelle%20Gemeinschaften%22%2C%22fourth_col%22%3A%22die%20neueste%20Lernumgebung%2C%20die%20beON%20Kollegen%20auf%20der%20ganzen%20Welt%20zusammenbringt%2C%20sind%20professionelle%20Gemeinschaften.%20Sie%20bestehen%20in%20der%20Regel%20aus%2010-30%20Mitarbeitern%20aus%20demselben%20Bereich%20und%20von%20allen%20Ebenen.%20Sie%20treffen%20sich%20in%20Foren%2C%20um%20durch%20berufliche%20und%20soziale%20Aktivit%C3%A4ten%20starke%20Verbindungen%20zu%20den%20Kollegen%20zu%20schaffen.%22%7D%2C%7B%22third_col%22%3A%22Mitarbeiter%20Resource%20Groups%22%2C%22fourth_col%22%3A%22Diese%20Gruppen%20werden%20oft%20um%20gemeinsame%20Interessen%20herum%20organisiert%2C%20die%20sich%20von%20Ort%20zu%20Ort%20unterscheiden.%20Mitarbeiter-Ressourcengruppen%20f%C3%B6rdern%20die%20Integration%20und%20Vielfalt%20durch%20Bildung%2C%20Bewusstsein%2C%20berufliche%20und%20pers%C3%B6nliche%20Entwicklung%20und%20interkulturelle%20Interaktionen.%20Alle%20unsere%20Mitarbeitergruppen%20sind%20offen%20f%C3%BCr%20jeden%20unserer%20Mitarbeiter.%22%7D%2C%7B%22third_col%22%3A%22Zertifizierungen%22%2C%22fourth_col%22%3A%22Als%20strategischer%20Partner%20von%20SAP%2C%20Confluent%2C%20Red%20Hat%20und%20anderen%20Technologiepartnern%20bieten%20wir%20unseren%20Mitarbeitern%20die%20M%C3%B6glichkeit%2C%20von%20unseren%20Technologiepartnern%20verschiedene%20Branchenzertifizierungen%20zu%20erhalten.%22%7D%5D&#8221;][vc_empty_space height=&#8221;50px&#8221;][\/vc_column][vc_column width=&#8221;1\/12&#8243;][\/vc_column][\/vc_row][vc_row][vc_column width=&#8221;1\/12&#8243;][\/vc_column][vc_column width=&#8221;5\/6&#8243;][vc_empty_space height=&#8221;50px&#8221;][vc_column_text]<\/p>\n<h2 class=\"h2\" style=\"text-align: center;\">Bei uns lernen Sie nie aus<\/h2>\n<p>[\/vc_column_text][vc_empty_space height=&#8221;50px&#8221;][dhsv_vc_testimonials post_id=&#8221;3987&#8243;][vc_empty_space height=&#8221;50px&#8221;][\/vc_column][vc_column width=&#8221;1\/12&#8243;][\/vc_column][\/vc_row][vc_row row_color_scheme=&#8221;blue_light&#8221; row_color_scheme_outer=&#8221;blue_light&#8221;][vc_column][vc_empty_space height=&#8221;50px&#8221;][dhsv_vc_list_element title=&#8221;1. Beginnen Sie mit dem Lernen, noch bevor Sie beitreten&#8221; items=&#8221;%5B%7B%22item%22%3A%22Die%20Ausbildung%20beginnt%20bereits%20vor%20Ihrem%20Arbeitsbeginn%20bei%20beON.%20Kernprogramme%2C%20die%20f%C3%BCr%20alle%20unsere%20Fachleute%20erforderlich%20sind%2C%20vermitteln%20den%20Mitarbeitern%20die%20grundlegenden%20F%C3%A4higkeiten%2C%20die%20sie%20ben%C3%B6tigen%20(einschlie%C3%9Flich%20Kurse%20%C3%BCber%20Kultur%20und%20unsere%20Grundwerte%2C%20Ethik%2C%20F%C3%BChrungsverhalten%20und%20Gesch%C3%A4ftssinn).%20Die%20daraus%20resultierende%20gemeinsame%20Sprache%20erm%C3%B6glicht%20es%20uns%2C%20Teams%20aus%20vielen%20L%C3%A4ndern%20und%20Disziplinen%20zusammenzustellen%2C%20um%20den%20Bed%C3%BCrfnissen%20unserer%20Kunden%20gerecht%20zu%20werden.%22%7D%5D&#8221;][vc_empty_space height=&#8221;25px&#8221;][dhsv_vc_list_element title=&#8221;2. Erweitern Sie Ihre Kompetenzen mit spezialisierten Kursen&#8221; items=&#8221;%5B%7B%22item%22%3A%22Unsere%20Schulungsprogramme%20sind%20auf%20die%20individuellen%20Bed%C3%BCrfnisse%20zugeschnitten%2C%20und%20die%20Kurse%2C%20die%20die%20Mitarbeiter%20w%C3%A4hlen%2C%20h%C3%A4ngen%20von%20ihren%20F%C3%A4higkeiten%2C%20Erfahrungen%20und%20Interessengebieten%20ab.%20Wir%20bieten%20Online-Kurse%2C%20virtuelle%20Klassenzimmer%20und%20andere%20wichtige%20Lernressourcen%20an.%22%7D%5D&#8221;][vc_empty_space height=&#8221;25px&#8221;][dhsv_vc_list_element title=&#8221;3. Setzen Sie Ihr Wachstum fort&#8221; items=&#8221;%5B%7B%22item%22%3A%22Ihre%20berufliche%20Entwicklung%20steht%20im%20Mittelpunkt.%20beON%20ist%20immer%20auf%20der%20Suche%20nach%20innovativen%20und%20neuen%20Wegen%20der%20Ausbildung.%20Da%20Sie%20mit%20weltweit%20f%C3%BChrenden%20Unternehmen%20zusammenarbeiten%20werden%2C%20lernen%20Sie%20jeden%20Tag%20%E2%80%9Con%20the%20job%E2%80%9D%20-%20von%20Ihrer%20Arbeit%2C%20Ihren%20Projektteammitgliedern%2C%20Ihren%20Mentoren%20und%20anderen.%22%7D%5D&#8221;][vc_empty_space height=&#8221;50px&#8221;][\/vc_column][\/vc_row][vc_row row_color_scheme=&#8221;lightgrey&#8221; row_color_scheme_outer=&#8221;lightgrey&#8221; el_id=&#8221;locations&#8221;][vc_column][vc_empty_space height=&#8221;50px&#8221;][vc_column_text]<\/p>\n<p class=\"h2\" style=\"text-align: center;\">Training Centre<\/p>\n<p>[\/vc_column_text][vc_empty_space height=&#8221;50px&#8221;][dhsv_vc_locations location_id=&#8221;3989&#8243;][dhsv_vc_locations location_id=&#8221;3991&#8243;][dhsv_vc_locations location_id=&#8221;3994&#8243;][\/vc_column][\/vc_row][vc_row row_color_scheme=&#8221;lightgrey&#8221;][vc_column][vc_empty_space height=&#8221;100px&#8221;][\/vc_column][\/vc_row]<\/p>\n<\/div>","protected":false},"excerpt":{"rendered":"<p>[vc_row][vc_column width=&#8221;1\/12&#8243;][\/vc_column][vc_column width=&#8221;5\/6&#8243;][vc_empty_space height=&#8221;50px&#8221;][vc_column_text] Wir sind bestrebt, in die Ausbildung und berufliche Entwicklung unserer Mitarbeiter zu investieren. Wir haben unseren Ausbildungsansatz neu definiert. Unsere Mitarbeiter werden in die Lage versetzt, neue Ideen zu entwickeln, Innovationen voranzutreiben und die hochspezialisierten F\u00e4higkeiten aufzubauen, die sie f\u00fcr ihren Erfolg ben\u00f6tigen. Das Herzst\u00fcck dieses Ansatzes ist unser Schulungszentrum in<\/p>\n","protected":false},"author":5,"featured_media":3650,"parent":3975,"menu_order":0,"comment_status":"closed","ping_status":"closed","template":"","meta":{"_acf_changed":false,"footnotes":""},"class_list":["post-3982","page","type-page","status-publish","has-post-thumbnail","hentry"],"acf":[],"yoast_head":"<!-- This site is optimized with the Yoast SEO plugin v24.5 - https:\/\/yoast.com\/wordpress\/plugins\/seo\/ -->\n<title>Training | beON consult<\/title>\n<meta name=\"description\" content=\"Wir sind bestrebt, in das Training und berufliche Entwicklung unserer Mitarbeiter zu investieren.\" \/>\n<meta name=\"robots\" content=\"index, follow, max-snippet:-1, max-image-preview:large, max-video-preview:-1\" \/>\n<link rel=\"canonical\" href=\"https:\/\/beon.net\/de\/karriere\/training\/\" \/>\n<meta property=\"og:locale\" content=\"de_DE\" \/>\n<meta property=\"og:type\" content=\"article\" \/>\n<meta property=\"og:title\" content=\"Training | beON consult\" \/>\n<meta property=\"og:description\" content=\"Wir sind bestrebt, in das Training und berufliche Entwicklung unserer Mitarbeiter zu investieren.\" \/>\n<meta property=\"og:url\" content=\"https:\/\/beon.net\/de\/karriere\/training\/\" \/>\n<meta property=\"og:site_name\" content=\"beON consult\" \/>\n<meta property=\"article:modified_time\" content=\"2021-01-26T05:55:42+00:00\" \/>\n<meta property=\"og:image\" content=\"https:\/\/www.landcon.de\/wp-content\/uploads\/IMG_2465b-scaled.jpg\" \/>\n\t<meta property=\"og:image:width\" content=\"2600\" \/>\n\t<meta property=\"og:image:height\" content=\"1390\" \/>\n\t<meta property=\"og:image:type\" content=\"image\/jpeg\" \/>\n<meta name=\"twitter:card\" content=\"summary_large_image\" \/>\n<meta name=\"twitter:label1\" content=\"Gesch\u00e4tzte Lesezeit\" \/>\n\t<meta name=\"twitter:data1\" content=\"1\u00a0Minute\" \/>\n<script type=\"application\/ld+json\" class=\"yoast-schema-graph\">{\"@context\":\"https:\/\/schema.org\",\"@graph\":[{\"@type\":\"WebPage\",\"@id\":\"https:\/\/beon.net\/de\/karriere\/training\/\",\"url\":\"https:\/\/beon.net\/de\/karriere\/training\/\",\"name\":\"Training | beON consult\",\"isPartOf\":{\"@id\":\"https:\/\/landcon.de\/#website\"},\"primaryImageOfPage\":{\"@id\":\"https:\/\/beon.net\/de\/karriere\/training\/#primaryimage\"},\"image\":{\"@id\":\"https:\/\/beon.net\/de\/karriere\/training\/#primaryimage\"},\"thumbnailUrl\":\"https:\/\/beon.net\/wp-content\/uploads\/IMG_2465b-scaled.jpg\",\"datePublished\":\"2020-07-11T16:34:05+00:00\",\"dateModified\":\"2021-01-26T05:55:42+00:00\",\"description\":\"Wir sind bestrebt, in das Training und berufliche Entwicklung unserer Mitarbeiter zu investieren.\",\"breadcrumb\":{\"@id\":\"https:\/\/beon.net\/de\/karriere\/training\/#breadcrumb\"},\"inLanguage\":\"de\",\"potentialAction\":[{\"@type\":\"ReadAction\",\"target\":[\"https:\/\/beon.net\/de\/karriere\/training\/\"]}]},{\"@type\":\"ImageObject\",\"inLanguage\":\"de\",\"@id\":\"https:\/\/beon.net\/de\/karriere\/training\/#primaryimage\",\"url\":\"https:\/\/beon.net\/wp-content\/uploads\/IMG_2465b-scaled.jpg\",\"contentUrl\":\"https:\/\/beon.net\/wp-content\/uploads\/IMG_2465b-scaled.jpg\",\"width\":2600,\"height\":1390},{\"@type\":\"BreadcrumbList\",\"@id\":\"https:\/\/beon.net\/de\/karriere\/training\/#breadcrumb\",\"itemListElement\":[{\"@type\":\"ListItem\",\"position\":1,\"name\":\"Home\",\"item\":\"https:\/\/beon.net\/de\/\"},{\"@type\":\"ListItem\",\"position\":2,\"name\":\"Karriere\",\"item\":\"https:\/\/www.landcon.de\/de\/karriere\/\"},{\"@type\":\"ListItem\",\"position\":3,\"name\":\"Training\"}]},{\"@type\":\"WebSite\",\"@id\":\"https:\/\/landcon.de\/#website\",\"url\":\"https:\/\/landcon.de\/\",\"name\":\"beON consult\",\"description\":\"Softwareberatung f\u00fcr Ihr Unternehmen\",\"publisher\":{\"@id\":\"https:\/\/landcon.de\/#organization\"},\"potentialAction\":[{\"@type\":\"SearchAction\",\"target\":{\"@type\":\"EntryPoint\",\"urlTemplate\":\"https:\/\/landcon.de\/?s={search_term_string}\"},\"query-input\":{\"@type\":\"PropertyValueSpecification\",\"valueRequired\":true,\"valueName\":\"search_term_string\"}}],\"inLanguage\":\"de\"},{\"@type\":\"Organization\",\"@id\":\"https:\/\/landcon.de\/#organization\",\"name\":\"BeON Consult GmbH\",\"url\":\"https:\/\/landcon.de\/\",\"logo\":{\"@type\":\"ImageObject\",\"inLanguage\":\"de\",\"@id\":\"https:\/\/landcon.de\/#\/schema\/logo\/image\/\",\"url\":\"https:\/\/beo001.dev.360vier.net\/wp-content\/uploads\/Logo-Search.png\",\"contentUrl\":\"https:\/\/beo001.dev.360vier.net\/wp-content\/uploads\/Logo-Search.png\",\"width\":169,\"height\":55,\"caption\":\"BeON Consult GmbH\"},\"image\":{\"@id\":\"https:\/\/landcon.de\/#\/schema\/logo\/image\/\"}}]}<\/script>\n<!-- \/ Yoast SEO plugin. -->","yoast_head_json":{"title":"Training | beON consult","description":"Wir sind bestrebt, in das Training und berufliche Entwicklung unserer Mitarbeiter zu investieren.","robots":{"index":"index","follow":"follow","max-snippet":"max-snippet:-1","max-image-preview":"max-image-preview:large","max-video-preview":"max-video-preview:-1"},"canonical":"https:\/\/beon.net\/de\/karriere\/training\/","og_locale":"de_DE","og_type":"article","og_title":"Training | beON consult","og_description":"Wir sind bestrebt, in das Training und berufliche Entwicklung unserer Mitarbeiter zu investieren.","og_url":"https:\/\/beon.net\/de\/karriere\/training\/","og_site_name":"beON consult","article_modified_time":"2021-01-26T05:55:42+00:00","og_image":[{"width":2600,"height":1390,"url":"https:\/\/www.landcon.de\/wp-content\/uploads\/IMG_2465b-scaled.jpg","type":"image\/jpeg"}],"twitter_card":"summary_large_image","twitter_misc":{"Gesch\u00e4tzte Lesezeit":"1\u00a0Minute"},"schema":{"@context":"https:\/\/schema.org","@graph":[{"@type":"WebPage","@id":"https:\/\/beon.net\/de\/karriere\/training\/","url":"https:\/\/beon.net\/de\/karriere\/training\/","name":"Training | beON consult","isPartOf":{"@id":"https:\/\/landcon.de\/#website"},"primaryImageOfPage":{"@id":"https:\/\/beon.net\/de\/karriere\/training\/#primaryimage"},"image":{"@id":"https:\/\/beon.net\/de\/karriere\/training\/#primaryimage"},"thumbnailUrl":"https:\/\/beon.net\/wp-content\/uploads\/IMG_2465b-scaled.jpg","datePublished":"2020-07-11T16:34:05+00:00","dateModified":"2021-01-26T05:55:42+00:00","description":"Wir sind bestrebt, in das Training und berufliche Entwicklung unserer Mitarbeiter zu investieren.","breadcrumb":{"@id":"https:\/\/beon.net\/de\/karriere\/training\/#breadcrumb"},"inLanguage":"de","potentialAction":[{"@type":"ReadAction","target":["https:\/\/beon.net\/de\/karriere\/training\/"]}]},{"@type":"ImageObject","inLanguage":"de","@id":"https:\/\/beon.net\/de\/karriere\/training\/#primaryimage","url":"https:\/\/beon.net\/wp-content\/uploads\/IMG_2465b-scaled.jpg","contentUrl":"https:\/\/beon.net\/wp-content\/uploads\/IMG_2465b-scaled.jpg","width":2600,"height":1390},{"@type":"BreadcrumbList","@id":"https:\/\/beon.net\/de\/karriere\/training\/#breadcrumb","itemListElement":[{"@type":"ListItem","position":1,"name":"Home","item":"https:\/\/beon.net\/de\/"},{"@type":"ListItem","position":2,"name":"Karriere","item":"https:\/\/www.landcon.de\/de\/karriere\/"},{"@type":"ListItem","position":3,"name":"Training"}]},{"@type":"WebSite","@id":"https:\/\/landcon.de\/#website","url":"https:\/\/landcon.de\/","name":"beON consult","description":"Softwareberatung f\u00fcr Ihr Unternehmen","publisher":{"@id":"https:\/\/landcon.de\/#organization"},"potentialAction":[{"@type":"SearchAction","target":{"@type":"EntryPoint","urlTemplate":"https:\/\/landcon.de\/?s={search_term_string}"},"query-input":{"@type":"PropertyValueSpecification","valueRequired":true,"valueName":"search_term_string"}}],"inLanguage":"de"},{"@type":"Organization","@id":"https:\/\/landcon.de\/#organization","name":"BeON Consult GmbH","url":"https:\/\/landcon.de\/","logo":{"@type":"ImageObject","inLanguage":"de","@id":"https:\/\/landcon.de\/#\/schema\/logo\/image\/","url":"https:\/\/beo001.dev.360vier.net\/wp-content\/uploads\/Logo-Search.png","contentUrl":"https:\/\/beo001.dev.360vier.net\/wp-content\/uploads\/Logo-Search.png","width":169,"height":55,"caption":"BeON Consult GmbH"},"image":{"@id":"https:\/\/landcon.de\/#\/schema\/logo\/image\/"}}]}},"_links":{"self":[{"href":"https:\/\/beon.net\/de\/wp-json\/wp\/v2\/pages\/3982","targetHints":{"allow":["GET"]}}],"collection":[{"href":"https:\/\/beon.net\/de\/wp-json\/wp\/v2\/pages"}],"about":[{"href":"https:\/\/beon.net\/de\/wp-json\/wp\/v2\/types\/page"}],"author":[{"embeddable":true,"href":"https:\/\/beon.net\/de\/wp-json\/wp\/v2\/users\/5"}],"replies":[{"embeddable":true,"href":"https:\/\/beon.net\/de\/wp-json\/wp\/v2\/comments?post=3982"}],"version-history":[{"count":5,"href":"https:\/\/beon.net\/de\/wp-json\/wp\/v2\/pages\/3982\/revisions"}],"predecessor-version":[{"id":5246,"href":"https:\/\/beon.net\/de\/wp-json\/wp\/v2\/pages\/3982\/revisions\/5246"}],"up":[{"embeddable":true,"href":"https:\/\/beon.net\/de\/wp-json\/wp\/v2\/pages\/3975"}],"wp:featuredmedia":[{"embeddable":true,"href":"https:\/\/beon.net\/de\/wp-json\/wp\/v2\/media\/3650"}],"wp:attachment":[{"href":"https:\/\/beon.net\/de\/wp-json\/wp\/v2\/media?parent=3982"}],"curies":[{"name":"wp","href":"https:\/\/api.w.org\/{rel}","templated":true}]}}