{"id":4130,"date":"2020-07-11T21:09:15","date_gmt":"2020-07-11T19:09:15","guid":{"rendered":"https:\/\/www.beon.net\/strategic-partnerships\/amazon-web-services\/"},"modified":"2020-07-11T22:32:01","modified_gmt":"2020-07-11T20:32:01","slug":"amazon-web-services","status":"publish","type":"page","link":"https:\/\/beon.net\/de\/unsere-consulting-services\/strategische-partnerschaften\/amazon-web-services\/","title":{"rendered":"Amazon Web Services"},"content":{"rendered":"<div class=\"wpb-content-wrapper\"><p>[vc_row][vc_column width=&#8221;1\/12&#8243;][\/vc_column][vc_column width=&#8221;5\/6&#8243;][vc_empty_space height=&#8221;50px&#8221;][vc_column_text]Wir unterst\u00fctzen nicht nur die Migration und den Betrieb von IT-Workloads in der Cloud, sondern setzen auch intelligente Cloud-Technologien ein, um digitale Gesch\u00e4fte zu implementieren und diese nach einem modernen DevOps-Betriebsmodell kontinuierlich zu optimieren.<\/p>\n<p>Mit AWS wird Ihr Unternehmen schneller, zuverl\u00e4ssiger und gesch\u00e4ftsrelevanter.<\/p>\n<p>Die Anforderungen an IT-Projekte sind in den letzten Jahren immer anspruchsvoller geworden. Nun m\u00fcssen Unternehmen mit ihren IT-Projekten in immer k\u00fcrzeren Abst\u00e4nden zuverl\u00e4ssige und gesch\u00e4ftsrelevante Ergebnisse liefern. Wir unterst\u00fctzten Unternehmen wie Sie dabei, die Anforderungen digitaler Projekte auf AWS-Dienste und -Technologien abzubilden und diese mit Hilfe eines modernen und hochgradig iterativen Bereitstellungs- und Betriebsmodells umzusetzen.[\/vc_column_text][vc_empty_space height=&#8221;100px&#8221;][\/vc_column][vc_column width=&#8221;1\/12&#8243;][\/vc_column][\/vc_row]<\/p>\n<\/div>","protected":false},"excerpt":{"rendered":"<p>[vc_row][vc_column width=&#8221;1\/12&#8243;][\/vc_column][vc_column width=&#8221;5\/6&#8243;][vc_empty_space height=&#8221;50px&#8221;][vc_column_text]Wir unterst\u00fctzen nicht nur die Migration und den Betrieb von IT-Workloads in der Cloud, sondern setzen auch intelligente Cloud-Technologien ein, um digitale Gesch\u00e4fte zu implementieren und diese nach einem modernen DevOps-Betriebsmodell kontinuierlich zu optimieren. Mit AWS wird Ihr Unternehmen schneller, zuverl\u00e4ssiger und gesch\u00e4ftsrelevanter. Die Anforderungen an IT-Projekte sind in den letzten Jahren<\/p>\n","protected":false},"author":5,"featured_media":3187,"parent":4055,"menu_order":0,"comment_status":"closed","ping_status":"closed","template":"","meta":{"_acf_changed":false,"footnotes":""},"class_list":["post-4130","page","type-page","status-publish","has-post-thumbnail","hentry"],"acf":[],"yoast_head":"<!-- This site is optimized with the Yoast SEO plugin v24.5 - https:\/\/yoast.com\/wordpress\/plugins\/seo\/ -->\n<title>Amazon Web Services | beON consult<\/title>\n<meta name=\"description\" content=\"beON unterst\u00fctzt Unternehmen dabei, die Anforderungen digitaler Cloud Projekte auf AWS ( Amazon Web Services ) und -Technologien abzubilden.\" \/>\n<meta name=\"robots\" content=\"index, follow, max-snippet:-1, max-image-preview:large, max-video-preview:-1\" \/>\n<link rel=\"canonical\" href=\"https:\/\/beon.net\/de\/unsere-consulting-services\/strategische-partnerschaften\/amazon-web-services\/\" \/>\n<meta property=\"og:locale\" content=\"de_DE\" \/>\n<meta property=\"og:type\" content=\"article\" \/>\n<meta property=\"og:title\" content=\"Amazon Web Services | beON consult\" \/>\n<meta property=\"og:description\" content=\"beON unterst\u00fctzt Unternehmen dabei, die Anforderungen digitaler Cloud Projekte auf AWS ( Amazon Web Services ) und -Technologien abzubilden.\" \/>\n<meta property=\"og:url\" content=\"https:\/\/beon.net\/de\/unsere-consulting-services\/strategische-partnerschaften\/amazon-web-services\/\" \/>\n<meta property=\"og:site_name\" content=\"beON consult\" \/>\n<meta property=\"article:modified_time\" content=\"2020-07-11T20:32:01+00:00\" \/>\n<meta property=\"og:image\" content=\"https:\/\/landcon.de\/wp-content\/uploads\/Header35.png\" \/>\n\t<meta property=\"og:image:width\" content=\"2450\" \/>\n\t<meta property=\"og:image:height\" content=\"850\" \/>\n\t<meta property=\"og:image:type\" content=\"image\/png\" \/>\n<meta name=\"twitter:card\" content=\"summary_large_image\" \/>\n<meta name=\"twitter:label1\" content=\"Gesch\u00e4tzte Lesezeit\" \/>\n\t<meta name=\"twitter:data1\" content=\"1\u00a0Minute\" \/>\n<script type=\"application\/ld+json\" class=\"yoast-schema-graph\">{\"@context\":\"https:\/\/schema.org\",\"@graph\":[{\"@type\":\"WebPage\",\"@id\":\"https:\/\/beon.net\/de\/unsere-consulting-services\/strategische-partnerschaften\/amazon-web-services\/\",\"url\":\"https:\/\/beon.net\/de\/unsere-consulting-services\/strategische-partnerschaften\/amazon-web-services\/\",\"name\":\"Amazon Web Services | beON consult\",\"isPartOf\":{\"@id\":\"https:\/\/landcon.de\/#website\"},\"primaryImageOfPage\":{\"@id\":\"https:\/\/beon.net\/de\/unsere-consulting-services\/strategische-partnerschaften\/amazon-web-services\/#primaryimage\"},\"image\":{\"@id\":\"https:\/\/beon.net\/de\/unsere-consulting-services\/strategische-partnerschaften\/amazon-web-services\/#primaryimage\"},\"thumbnailUrl\":\"https:\/\/beon.net\/wp-content\/uploads\/Header35.png\",\"datePublished\":\"2020-07-11T19:09:15+00:00\",\"dateModified\":\"2020-07-11T20:32:01+00:00\",\"description\":\"beON unterst\u00fctzt Unternehmen dabei, die Anforderungen digitaler Cloud Projekte auf AWS ( Amazon Web Services ) und -Technologien abzubilden.\",\"breadcrumb\":{\"@id\":\"https:\/\/beon.net\/de\/unsere-consulting-services\/strategische-partnerschaften\/amazon-web-services\/#breadcrumb\"},\"inLanguage\":\"de\",\"potentialAction\":[{\"@type\":\"ReadAction\",\"target\":[\"https:\/\/beon.net\/de\/unsere-consulting-services\/strategische-partnerschaften\/amazon-web-services\/\"]}]},{\"@type\":\"ImageObject\",\"inLanguage\":\"de\",\"@id\":\"https:\/\/beon.net\/de\/unsere-consulting-services\/strategische-partnerschaften\/amazon-web-services\/#primaryimage\",\"url\":\"https:\/\/beon.net\/wp-content\/uploads\/Header35.png\",\"contentUrl\":\"https:\/\/beon.net\/wp-content\/uploads\/Header35.png\",\"width\":2450,\"height\":850},{\"@type\":\"BreadcrumbList\",\"@id\":\"https:\/\/beon.net\/de\/unsere-consulting-services\/strategische-partnerschaften\/amazon-web-services\/#breadcrumb\",\"itemListElement\":[{\"@type\":\"ListItem\",\"position\":1,\"name\":\"Home\",\"item\":\"https:\/\/beon.net\/de\/\"},{\"@type\":\"ListItem\",\"position\":2,\"name\":\"Unsere Consulting Services\",\"item\":\"https:\/\/beon.net\/de\/unsere-consulting-services\/\"},{\"@type\":\"ListItem\",\"position\":3,\"name\":\"Strategische Partnerschaften\",\"item\":\"https:\/\/beon.net\/de\/unsere-consulting-services\/strategische-partnerschaften\/\"},{\"@type\":\"ListItem\",\"position\":4,\"name\":\"Amazon Web Services\"}]},{\"@type\":\"WebSite\",\"@id\":\"https:\/\/landcon.de\/#website\",\"url\":\"https:\/\/landcon.de\/\",\"name\":\"beON consult\",\"description\":\"Softwareberatung f\u00fcr Ihr Unternehmen\",\"publisher\":{\"@id\":\"https:\/\/landcon.de\/#organization\"},\"potentialAction\":[{\"@type\":\"SearchAction\",\"target\":{\"@type\":\"EntryPoint\",\"urlTemplate\":\"https:\/\/landcon.de\/?s={search_term_string}\"},\"query-input\":{\"@type\":\"PropertyValueSpecification\",\"valueRequired\":true,\"valueName\":\"search_term_string\"}}],\"inLanguage\":\"de\"},{\"@type\":\"Organization\",\"@id\":\"https:\/\/landcon.de\/#organization\",\"name\":\"BeON Consult GmbH\",\"url\":\"https:\/\/landcon.de\/\",\"logo\":{\"@type\":\"ImageObject\",\"inLanguage\":\"de\",\"@id\":\"https:\/\/landcon.de\/#\/schema\/logo\/image\/\",\"url\":\"https:\/\/beo001.dev.360vier.net\/wp-content\/uploads\/Logo-Search.png\",\"contentUrl\":\"https:\/\/beo001.dev.360vier.net\/wp-content\/uploads\/Logo-Search.png\",\"width\":169,\"height\":55,\"caption\":\"BeON Consult GmbH\"},\"image\":{\"@id\":\"https:\/\/landcon.de\/#\/schema\/logo\/image\/\"}}]}<\/script>\n<!-- \/ Yoast SEO plugin. -->","yoast_head_json":{"title":"Amazon Web Services | beON consult","description":"beON unterst\u00fctzt Unternehmen dabei, die Anforderungen digitaler Cloud Projekte auf AWS ( Amazon Web Services ) und -Technologien abzubilden.","robots":{"index":"index","follow":"follow","max-snippet":"max-snippet:-1","max-image-preview":"max-image-preview:large","max-video-preview":"max-video-preview:-1"},"canonical":"https:\/\/beon.net\/de\/unsere-consulting-services\/strategische-partnerschaften\/amazon-web-services\/","og_locale":"de_DE","og_type":"article","og_title":"Amazon Web Services | beON consult","og_description":"beON unterst\u00fctzt Unternehmen dabei, die Anforderungen digitaler Cloud Projekte auf AWS ( Amazon Web Services ) und -Technologien abzubilden.","og_url":"https:\/\/beon.net\/de\/unsere-consulting-services\/strategische-partnerschaften\/amazon-web-services\/","og_site_name":"beON consult","article_modified_time":"2020-07-11T20:32:01+00:00","og_image":[{"width":2450,"height":850,"url":"https:\/\/landcon.de\/wp-content\/uploads\/Header35.png","type":"image\/png"}],"twitter_card":"summary_large_image","twitter_misc":{"Gesch\u00e4tzte Lesezeit":"1\u00a0Minute"},"schema":{"@context":"https:\/\/schema.org","@graph":[{"@type":"WebPage","@id":"https:\/\/beon.net\/de\/unsere-consulting-services\/strategische-partnerschaften\/amazon-web-services\/","url":"https:\/\/beon.net\/de\/unsere-consulting-services\/strategische-partnerschaften\/amazon-web-services\/","name":"Amazon Web Services | beON consult","isPartOf":{"@id":"https:\/\/landcon.de\/#website"},"primaryImageOfPage":{"@id":"https:\/\/beon.net\/de\/unsere-consulting-services\/strategische-partnerschaften\/amazon-web-services\/#primaryimage"},"image":{"@id":"https:\/\/beon.net\/de\/unsere-consulting-services\/strategische-partnerschaften\/amazon-web-services\/#primaryimage"},"thumbnailUrl":"https:\/\/beon.net\/wp-content\/uploads\/Header35.png","datePublished":"2020-07-11T19:09:15+00:00","dateModified":"2020-07-11T20:32:01+00:00","description":"beON unterst\u00fctzt Unternehmen dabei, die Anforderungen digitaler Cloud Projekte auf AWS ( Amazon Web Services ) und -Technologien abzubilden.","breadcrumb":{"@id":"https:\/\/beon.net\/de\/unsere-consulting-services\/strategische-partnerschaften\/amazon-web-services\/#breadcrumb"},"inLanguage":"de","potentialAction":[{"@type":"ReadAction","target":["https:\/\/beon.net\/de\/unsere-consulting-services\/strategische-partnerschaften\/amazon-web-services\/"]}]},{"@type":"ImageObject","inLanguage":"de","@id":"https:\/\/beon.net\/de\/unsere-consulting-services\/strategische-partnerschaften\/amazon-web-services\/#primaryimage","url":"https:\/\/beon.net\/wp-content\/uploads\/Header35.png","contentUrl":"https:\/\/beon.net\/wp-content\/uploads\/Header35.png","width":2450,"height":850},{"@type":"BreadcrumbList","@id":"https:\/\/beon.net\/de\/unsere-consulting-services\/strategische-partnerschaften\/amazon-web-services\/#breadcrumb","itemListElement":[{"@type":"ListItem","position":1,"name":"Home","item":"https:\/\/beon.net\/de\/"},{"@type":"ListItem","position":2,"name":"Unsere Consulting Services","item":"https:\/\/beon.net\/de\/unsere-consulting-services\/"},{"@type":"ListItem","position":3,"name":"Strategische Partnerschaften","item":"https:\/\/beon.net\/de\/unsere-consulting-services\/strategische-partnerschaften\/"},{"@type":"ListItem","position":4,"name":"Amazon Web Services"}]},{"@type":"WebSite","@id":"https:\/\/landcon.de\/#website","url":"https:\/\/landcon.de\/","name":"beON consult","description":"Softwareberatung f\u00fcr Ihr Unternehmen","publisher":{"@id":"https:\/\/landcon.de\/#organization"},"potentialAction":[{"@type":"SearchAction","target":{"@type":"EntryPoint","urlTemplate":"https:\/\/landcon.de\/?s={search_term_string}"},"query-input":{"@type":"PropertyValueSpecification","valueRequired":true,"valueName":"search_term_string"}}],"inLanguage":"de"},{"@type":"Organization","@id":"https:\/\/landcon.de\/#organization","name":"BeON Consult GmbH","url":"https:\/\/landcon.de\/","logo":{"@type":"ImageObject","inLanguage":"de","@id":"https:\/\/landcon.de\/#\/schema\/logo\/image\/","url":"https:\/\/beo001.dev.360vier.net\/wp-content\/uploads\/Logo-Search.png","contentUrl":"https:\/\/beo001.dev.360vier.net\/wp-content\/uploads\/Logo-Search.png","width":169,"height":55,"caption":"BeON Consult GmbH"},"image":{"@id":"https:\/\/landcon.de\/#\/schema\/logo\/image\/"}}]}},"_links":{"self":[{"href":"https:\/\/beon.net\/de\/wp-json\/wp\/v2\/pages\/4130","targetHints":{"allow":["GET"]}}],"collection":[{"href":"https:\/\/beon.net\/de\/wp-json\/wp\/v2\/pages"}],"about":[{"href":"https:\/\/beon.net\/de\/wp-json\/wp\/v2\/types\/page"}],"author":[{"embeddable":true,"href":"https:\/\/beon.net\/de\/wp-json\/wp\/v2\/users\/5"}],"replies":[{"embeddable":true,"href":"https:\/\/beon.net\/de\/wp-json\/wp\/v2\/comments?post=4130"}],"version-history":[{"count":2,"href":"https:\/\/beon.net\/de\/wp-json\/wp\/v2\/pages\/4130\/revisions"}],"predecessor-version":[{"id":4236,"href":"https:\/\/beon.net\/de\/wp-json\/wp\/v2\/pages\/4130\/revisions\/4236"}],"up":[{"embeddable":true,"href":"https:\/\/beon.net\/de\/wp-json\/wp\/v2\/pages\/4055"}],"wp:featuredmedia":[{"embeddable":true,"href":"https:\/\/beon.net\/de\/wp-json\/wp\/v2\/media\/3187"}],"wp:attachment":[{"href":"https:\/\/beon.net\/de\/wp-json\/wp\/v2\/media?parent=4130"}],"curies":[{"name":"wp","href":"https:\/\/api.w.org\/{rel}","templated":true}]}}