{"id":4220,"date":"2020-07-11T21:21:07","date_gmt":"2020-07-11T19:21:07","guid":{"rendered":"https:\/\/www.beon.net\/our-consulting-services\/microsoft\/"},"modified":"2020-07-11T22:32:03","modified_gmt":"2020-07-11T20:32:03","slug":"microsoft","status":"publish","type":"page","link":"https:\/\/beon.net\/de\/unsere-consulting-services\/strategische-partnerschaften\/microsoft\/","title":{"rendered":"Microsoft"},"content":{"rendered":"<div class=\"wpb-content-wrapper\"><p>[vc_row][vc_column width=&#8221;1\/12&#8243;][\/vc_column][vc_column width=&#8221;5\/6&#8243;][vc_empty_space height=&#8221;100px&#8221;][vc_column_text]Als langj\u00e4hriger Microsoft-Partner decken wir ein breites Portfolio an Microsoft-Produkten ab und k\u00f6nnen Sie mit Beratung, Transition und ma\u00dfgeschneiderten Dienstleistungen unterst\u00fctzen, von Azure und vernetzten Kommunikationsl\u00f6sungen bis hin zu innovativen Plattformdiensten in Bereichen wie Big Data und k\u00fcnstlicher Intelligenz.<\/p>\n<p>Das ist eine gute Basis, um gemeinsam mit unserem Partner Microsoft Innovationen voranzutreiben &#8211; und Sie als Kunde bei Ihrer digitalen Transformation zu unterst\u00fctzen.[\/vc_column_text][vc_empty_space height=&#8221;100px&#8221;][\/vc_column][vc_column width=&#8221;1\/12&#8243;][\/vc_column][\/vc_row]<\/p>\n<\/div>","protected":false},"excerpt":{"rendered":"<p>[vc_row][vc_column width=&#8221;1\/12&#8243;][\/vc_column][vc_column width=&#8221;5\/6&#8243;][vc_empty_space height=&#8221;100px&#8221;][vc_column_text]Als langj\u00e4hriger Microsoft-Partner decken wir ein breites Portfolio an Microsoft-Produkten ab und k\u00f6nnen Sie mit Beratung, Transition und ma\u00dfgeschneiderten Dienstleistungen unterst\u00fctzen, von Azure und vernetzten Kommunikationsl\u00f6sungen bis hin zu innovativen Plattformdiensten in Bereichen wie Big Data und k\u00fcnstlicher Intelligenz. Das ist eine gute Basis, um gemeinsam mit unserem Partner Microsoft Innovationen voranzutreiben<\/p>\n","protected":false},"author":5,"featured_media":4235,"parent":4055,"menu_order":0,"comment_status":"closed","ping_status":"closed","template":"","meta":{"_acf_changed":false,"footnotes":""},"class_list":["post-4220","page","type-page","status-publish","has-post-thumbnail","hentry"],"acf":[],"yoast_head":"<!-- This site is optimized with the Yoast SEO plugin v24.5 - https:\/\/yoast.com\/wordpress\/plugins\/seo\/ -->\n<title>Microsoft | beON consult<\/title>\n<meta name=\"description\" content=\"Als langj\u00e4hriger Microsoft-Partner deckt beON ein breites Produktportfolio ab und kann Sie mit ma\u00dfgeschneiderten Dienstleistungen unterst\u00fctzen.\" \/>\n<meta name=\"robots\" content=\"index, follow, max-snippet:-1, max-image-preview:large, max-video-preview:-1\" \/>\n<link rel=\"canonical\" href=\"https:\/\/beon.net\/de\/unsere-consulting-services\/strategische-partnerschaften\/microsoft\/\" \/>\n<meta property=\"og:locale\" content=\"de_DE\" \/>\n<meta property=\"og:type\" content=\"article\" \/>\n<meta property=\"og:title\" content=\"Microsoft | beON consult\" \/>\n<meta property=\"og:description\" content=\"Als langj\u00e4hriger Microsoft-Partner deckt beON ein breites Produktportfolio ab und kann Sie mit ma\u00dfgeschneiderten Dienstleistungen unterst\u00fctzen.\" \/>\n<meta property=\"og:url\" content=\"https:\/\/beon.net\/de\/unsere-consulting-services\/strategische-partnerschaften\/microsoft\/\" \/>\n<meta property=\"og:site_name\" content=\"beON consult\" \/>\n<meta property=\"article:modified_time\" content=\"2020-07-11T20:32:03+00:00\" \/>\n<meta property=\"og:image\" content=\"https:\/\/www.beon.net\/wp-content\/uploads\/AdobeStock_294803433-microsoft.jpg\" \/>\n\t<meta property=\"og:image:width\" content=\"1820\" \/>\n\t<meta property=\"og:image:height\" content=\"1176\" \/>\n\t<meta property=\"og:image:type\" content=\"image\/jpeg\" \/>\n<meta name=\"twitter:card\" content=\"summary_large_image\" \/>\n<meta name=\"twitter:label1\" content=\"Gesch\u00e4tzte Lesezeit\" \/>\n\t<meta name=\"twitter:data1\" content=\"1\u00a0Minute\" \/>\n<script type=\"application\/ld+json\" class=\"yoast-schema-graph\">{\"@context\":\"https:\/\/schema.org\",\"@graph\":[{\"@type\":\"WebPage\",\"@id\":\"https:\/\/beon.net\/de\/unsere-consulting-services\/strategische-partnerschaften\/microsoft\/\",\"url\":\"https:\/\/beon.net\/de\/unsere-consulting-services\/strategische-partnerschaften\/microsoft\/\",\"name\":\"Microsoft | beON consult\",\"isPartOf\":{\"@id\":\"https:\/\/landcon.de\/#website\"},\"primaryImageOfPage\":{\"@id\":\"https:\/\/beon.net\/de\/unsere-consulting-services\/strategische-partnerschaften\/microsoft\/#primaryimage\"},\"image\":{\"@id\":\"https:\/\/beon.net\/de\/unsere-consulting-services\/strategische-partnerschaften\/microsoft\/#primaryimage\"},\"thumbnailUrl\":\"https:\/\/beon.net\/wp-content\/uploads\/AdobeStock_294803433-microsoft.jpg\",\"datePublished\":\"2020-07-11T19:21:07+00:00\",\"dateModified\":\"2020-07-11T20:32:03+00:00\",\"description\":\"Als langj\u00e4hriger Microsoft-Partner deckt beON ein breites Produktportfolio ab und kann Sie mit ma\u00dfgeschneiderten Dienstleistungen unterst\u00fctzen.\",\"breadcrumb\":{\"@id\":\"https:\/\/beon.net\/de\/unsere-consulting-services\/strategische-partnerschaften\/microsoft\/#breadcrumb\"},\"inLanguage\":\"de\",\"potentialAction\":[{\"@type\":\"ReadAction\",\"target\":[\"https:\/\/beon.net\/de\/unsere-consulting-services\/strategische-partnerschaften\/microsoft\/\"]}]},{\"@type\":\"ImageObject\",\"inLanguage\":\"de\",\"@id\":\"https:\/\/beon.net\/de\/unsere-consulting-services\/strategische-partnerschaften\/microsoft\/#primaryimage\",\"url\":\"https:\/\/beon.net\/wp-content\/uploads\/AdobeStock_294803433-microsoft.jpg\",\"contentUrl\":\"https:\/\/beon.net\/wp-content\/uploads\/AdobeStock_294803433-microsoft.jpg\",\"width\":1820,\"height\":1176,\"caption\":\"Microsoft bg\"},{\"@type\":\"BreadcrumbList\",\"@id\":\"https:\/\/beon.net\/de\/unsere-consulting-services\/strategische-partnerschaften\/microsoft\/#breadcrumb\",\"itemListElement\":[{\"@type\":\"ListItem\",\"position\":1,\"name\":\"Home\",\"item\":\"https:\/\/beon.net\/de\/\"},{\"@type\":\"ListItem\",\"position\":2,\"name\":\"Unsere Consulting Services\",\"item\":\"https:\/\/beon.net\/de\/unsere-consulting-services\/\"},{\"@type\":\"ListItem\",\"position\":3,\"name\":\"Strategische Partnerschaften\",\"item\":\"https:\/\/beon.net\/de\/unsere-consulting-services\/strategische-partnerschaften\/\"},{\"@type\":\"ListItem\",\"position\":4,\"name\":\"Microsoft\"}]},{\"@type\":\"WebSite\",\"@id\":\"https:\/\/landcon.de\/#website\",\"url\":\"https:\/\/landcon.de\/\",\"name\":\"beON consult\",\"description\":\"Softwareberatung f\u00fcr Ihr Unternehmen\",\"publisher\":{\"@id\":\"https:\/\/landcon.de\/#organization\"},\"potentialAction\":[{\"@type\":\"SearchAction\",\"target\":{\"@type\":\"EntryPoint\",\"urlTemplate\":\"https:\/\/landcon.de\/?s={search_term_string}\"},\"query-input\":{\"@type\":\"PropertyValueSpecification\",\"valueRequired\":true,\"valueName\":\"search_term_string\"}}],\"inLanguage\":\"de\"},{\"@type\":\"Organization\",\"@id\":\"https:\/\/landcon.de\/#organization\",\"name\":\"BeON Consult GmbH\",\"url\":\"https:\/\/landcon.de\/\",\"logo\":{\"@type\":\"ImageObject\",\"inLanguage\":\"de\",\"@id\":\"https:\/\/landcon.de\/#\/schema\/logo\/image\/\",\"url\":\"https:\/\/beo001.dev.360vier.net\/wp-content\/uploads\/Logo-Search.png\",\"contentUrl\":\"https:\/\/beo001.dev.360vier.net\/wp-content\/uploads\/Logo-Search.png\",\"width\":169,\"height\":55,\"caption\":\"BeON Consult GmbH\"},\"image\":{\"@id\":\"https:\/\/landcon.de\/#\/schema\/logo\/image\/\"}}]}<\/script>\n<!-- \/ Yoast SEO plugin. -->","yoast_head_json":{"title":"Microsoft | beON consult","description":"Als langj\u00e4hriger Microsoft-Partner deckt beON ein breites Produktportfolio ab und kann Sie mit ma\u00dfgeschneiderten Dienstleistungen unterst\u00fctzen.","robots":{"index":"index","follow":"follow","max-snippet":"max-snippet:-1","max-image-preview":"max-image-preview:large","max-video-preview":"max-video-preview:-1"},"canonical":"https:\/\/beon.net\/de\/unsere-consulting-services\/strategische-partnerschaften\/microsoft\/","og_locale":"de_DE","og_type":"article","og_title":"Microsoft | beON consult","og_description":"Als langj\u00e4hriger Microsoft-Partner deckt beON ein breites Produktportfolio ab und kann Sie mit ma\u00dfgeschneiderten Dienstleistungen unterst\u00fctzen.","og_url":"https:\/\/beon.net\/de\/unsere-consulting-services\/strategische-partnerschaften\/microsoft\/","og_site_name":"beON consult","article_modified_time":"2020-07-11T20:32:03+00:00","og_image":[{"width":1820,"height":1176,"url":"https:\/\/www.beon.net\/wp-content\/uploads\/AdobeStock_294803433-microsoft.jpg","type":"image\/jpeg"}],"twitter_card":"summary_large_image","twitter_misc":{"Gesch\u00e4tzte Lesezeit":"1\u00a0Minute"},"schema":{"@context":"https:\/\/schema.org","@graph":[{"@type":"WebPage","@id":"https:\/\/beon.net\/de\/unsere-consulting-services\/strategische-partnerschaften\/microsoft\/","url":"https:\/\/beon.net\/de\/unsere-consulting-services\/strategische-partnerschaften\/microsoft\/","name":"Microsoft | beON consult","isPartOf":{"@id":"https:\/\/landcon.de\/#website"},"primaryImageOfPage":{"@id":"https:\/\/beon.net\/de\/unsere-consulting-services\/strategische-partnerschaften\/microsoft\/#primaryimage"},"image":{"@id":"https:\/\/beon.net\/de\/unsere-consulting-services\/strategische-partnerschaften\/microsoft\/#primaryimage"},"thumbnailUrl":"https:\/\/beon.net\/wp-content\/uploads\/AdobeStock_294803433-microsoft.jpg","datePublished":"2020-07-11T19:21:07+00:00","dateModified":"2020-07-11T20:32:03+00:00","description":"Als langj\u00e4hriger Microsoft-Partner deckt beON ein breites Produktportfolio ab und kann Sie mit ma\u00dfgeschneiderten Dienstleistungen unterst\u00fctzen.","breadcrumb":{"@id":"https:\/\/beon.net\/de\/unsere-consulting-services\/strategische-partnerschaften\/microsoft\/#breadcrumb"},"inLanguage":"de","potentialAction":[{"@type":"ReadAction","target":["https:\/\/beon.net\/de\/unsere-consulting-services\/strategische-partnerschaften\/microsoft\/"]}]},{"@type":"ImageObject","inLanguage":"de","@id":"https:\/\/beon.net\/de\/unsere-consulting-services\/strategische-partnerschaften\/microsoft\/#primaryimage","url":"https:\/\/beon.net\/wp-content\/uploads\/AdobeStock_294803433-microsoft.jpg","contentUrl":"https:\/\/beon.net\/wp-content\/uploads\/AdobeStock_294803433-microsoft.jpg","width":1820,"height":1176,"caption":"Microsoft bg"},{"@type":"BreadcrumbList","@id":"https:\/\/beon.net\/de\/unsere-consulting-services\/strategische-partnerschaften\/microsoft\/#breadcrumb","itemListElement":[{"@type":"ListItem","position":1,"name":"Home","item":"https:\/\/beon.net\/de\/"},{"@type":"ListItem","position":2,"name":"Unsere Consulting Services","item":"https:\/\/beon.net\/de\/unsere-consulting-services\/"},{"@type":"ListItem","position":3,"name":"Strategische Partnerschaften","item":"https:\/\/beon.net\/de\/unsere-consulting-services\/strategische-partnerschaften\/"},{"@type":"ListItem","position":4,"name":"Microsoft"}]},{"@type":"WebSite","@id":"https:\/\/landcon.de\/#website","url":"https:\/\/landcon.de\/","name":"beON consult","description":"Softwareberatung f\u00fcr Ihr Unternehmen","publisher":{"@id":"https:\/\/landcon.de\/#organization"},"potentialAction":[{"@type":"SearchAction","target":{"@type":"EntryPoint","urlTemplate":"https:\/\/landcon.de\/?s={search_term_string}"},"query-input":{"@type":"PropertyValueSpecification","valueRequired":true,"valueName":"search_term_string"}}],"inLanguage":"de"},{"@type":"Organization","@id":"https:\/\/landcon.de\/#organization","name":"BeON Consult GmbH","url":"https:\/\/landcon.de\/","logo":{"@type":"ImageObject","inLanguage":"de","@id":"https:\/\/landcon.de\/#\/schema\/logo\/image\/","url":"https:\/\/beo001.dev.360vier.net\/wp-content\/uploads\/Logo-Search.png","contentUrl":"https:\/\/beo001.dev.360vier.net\/wp-content\/uploads\/Logo-Search.png","width":169,"height":55,"caption":"BeON Consult GmbH"},"image":{"@id":"https:\/\/landcon.de\/#\/schema\/logo\/image\/"}}]}},"_links":{"self":[{"href":"https:\/\/beon.net\/de\/wp-json\/wp\/v2\/pages\/4220","targetHints":{"allow":["GET"]}}],"collection":[{"href":"https:\/\/beon.net\/de\/wp-json\/wp\/v2\/pages"}],"about":[{"href":"https:\/\/beon.net\/de\/wp-json\/wp\/v2\/types\/page"}],"author":[{"embeddable":true,"href":"https:\/\/beon.net\/de\/wp-json\/wp\/v2\/users\/5"}],"replies":[{"embeddable":true,"href":"https:\/\/beon.net\/de\/wp-json\/wp\/v2\/comments?post=4220"}],"version-history":[{"count":3,"href":"https:\/\/beon.net\/de\/wp-json\/wp\/v2\/pages\/4220\/revisions"}],"predecessor-version":[{"id":4253,"href":"https:\/\/beon.net\/de\/wp-json\/wp\/v2\/pages\/4220\/revisions\/4253"}],"up":[{"embeddable":true,"href":"https:\/\/beon.net\/de\/wp-json\/wp\/v2\/pages\/4055"}],"wp:featuredmedia":[{"embeddable":true,"href":"https:\/\/beon.net\/de\/wp-json\/wp\/v2\/media\/4235"}],"wp:attachment":[{"href":"https:\/\/beon.net\/de\/wp-json\/wp\/v2\/media?parent=4220"}],"curies":[{"name":"wp","href":"https:\/\/api.w.org\/{rel}","templated":true}]}}